{"id":129,"date":"2017-11-08T10:12:34","date_gmt":"2017-11-08T09:12:34","guid":{"rendered":"http:\/\/solidparkiet.pl\/sp17\/?page_id=129"},"modified":"2018-09-25T10:25:26","modified_gmt":"2018-09-25T08:25:26","slug":"datenschutzerklaerung","status":"publish","type":"page","link":"https:\/\/www.solidparkiet.pl\/de\/datenschutzerklaerung\/","title":{"rendered":"Datenschutzerkl\u00e4rung"},"content":{"rendered":"<p>[vc_row css_animation=\u201c\u201c row_type=\u201erow\u201c use_row_as_full_screen_section=\u201eno\u201c type=\u201efull_width\u201c angled_section=\u201eno\u201c text_align=\u201eleft\u201c background_image_as_pattern=\u201ewithout_pattern\u201c css=\u201c.vc_custom_1513326961631{padding-top: 30px !important;padding-right: 30px !important;padding-bottom: 30px !important;padding-left: 30px !important;background-color: #ffffff !important;}\u201c][vc_column][vc_column_text]<\/p>\n<p><span style=\"font-size: 18pt; color: #000000;\"> <strong>Datenschutzerkl\u00e4rung <\/strong><\/span><\/p>\n<p>&nbsp;<\/p>\n<p><span style=\"color: #000000;\">F\u00fcr die Bearbeitung von Anfragen oder Mitteilungen bit\u00adten wir Sie um die Angabe per\u00ads\u00f6n\u00adli\u00adcher Daten.&nbsp;Der Schutz Ihrer per\u00ads\u00f6n\u00adli\u00adchen Daten ist uns ein hohes Anliegen. Der Umgang und die Verwendung der \u00fcber\u00admit\u00adtel\u00adten Daten erfolgt dem\u00adnach mit der gebo\u00adte\u00adnen Sorgfalt und Erfolgt nur zur Bearbeitung Ihres Ersuchens. Wir erfas\u00adsen Daten aus\u00adschlie\u00df\u00adlich im not\u00adwen\u00addi\u00adgen Umfang und in \u00dcbereinstimmung mit den pol\u00adni\u00adschen Gesetzen zum Datenschutz und zur Datensicherheit zu dem Zweck, zu wel\u00adchem Sie uns die\u00adse \u00fcber\u00adlas\u00adsen&nbsp;haben.<\/span><\/p>\n<p>&nbsp;<\/p>\n<p><span style=\"font-size: 14pt; color: #000000;\"><strong>Sicherheit<\/strong><strong>&nbsp;<\/strong><\/span><\/p>\n<p><span style=\"color: #000000;\">Die Webseite der Solid-Parkiet s.c. wird stets durch die tech\u00adnisch so wie orga\u00adni\u00adsa\u00adto\u00adrisch aktu\u00adells\u00adten Sicherheitsma\u00dfnahmen gesch\u00fctzt. Dies geschieht im Zuge des\u00adsen um m\u00f6g\u00adli\u00adchen Verlust, Manipulation, Zerst\u00f6rung oder Zugriff durch unbe\u00adfug\u00adte Personen auf Ihre per\u00ads\u00f6n\u00adli\u00adchen Daten zu unter\u00adbin\u00adden. Obwohl der Industriestandard SSL (Secure Sockets Layer) zur Verschl\u00fcsselung der Webseite ver\u00adwen\u00addet wird, ist ein voll\u00adkom\u00admen\u00adder Schutz nie garantiert.<\/span><\/p>\n<p>&nbsp;<\/p>\n<p><span style=\"font-size: 14pt; color: #000000;\"><strong>Weitergabe von per\u00adso\u00adnen\u00adbe\u00adzo\u00adge\u00adnen&nbsp;Daten<\/strong><\/span><\/p>\n<p><span style=\"color: #000000;\">Ohne Ihr aus\u00addr\u00fcck\u00adli\u00adches Einverst\u00e4ndnis wer\u00adden kei\u00adne per\u00adso\u00adnen\u00adbe\u00adzo\u00adge\u00adnen Daten an Dritte \u00fcber\u00admit\u00adtelt. Eine \u00dcbertragung an \u00f6ffent\u00adli\u00adche Stellen, Strafverfolgungsbeh\u00f6rden und Gerichte erfolgt nur im Rahmen einer gesetz\u00adli\u00adchen Verpflichtung. Unsere Mitarbeiter sind zudem zur Verschwiegenheit und dem ver\u00adtrau\u00adli\u00adchen Umgang Ihrer \u00fcber\u00adlas\u00adse\u00adnen per\u00adso\u00adnen\u00adbe\u00adzo\u00adge\u00adnen Daten ver\u00adpflich\u00adtet. Nicht als Dritte gel\u00adten in die\u00adsem Zusammenhang die ver\u00adtrag\u00adlich an Solid-Parkiet s.c. gebun\u00adde\u00adnen Dienstleister zur Auftragsdatenverarbeitung.<\/span><\/p>\n<p>&nbsp;<\/p>\n<p><strong><span style=\"font-size: 14pt; color: #000000;\">Erhebung, Verarbeitung und Nutzung per\u00adso\u00adnen\u00adbe\u00adzo\u00adge\u00adner&nbsp;Daten&nbsp;<\/span><\/strong><\/p>\n<p><span style=\"color: #000000;\">Sobald Sie unse\u00adre Website besu\u00adchen, erhebt, spei\u00adchert oder \u00fcber\u00admit\u00adtelt die Website per\u00adso\u00adnen\u00adbe\u00adzo\u00adge\u00adne Daten. Hierzu z\u00e4hlen:<\/span><\/p>\n<ul>\n<li><span style=\"color: #000000;\">Datum und Besuch der URL, auf der sich der Besucher befindet<\/span><\/li>\n<li><span style=\"color: #000000;\">URL, die der Besucher unmit\u00adtel\u00adbar zuvor besucht hat<\/span><\/li>\n<li><span style=\"color: #000000;\">IP-Adresse und Domain von der aus der Zugriff erfolgt<\/span><\/li>\n<li><span style=\"color: #000000;\">Verwendeter Browser<\/span><\/li>\n<li><span style=\"color: #000000;\">Verwendetes Betriebssystem<\/span><\/li>\n<li><span style=\"color: #000000;\">Technische Informationen zum Besuch (http-Methode, http-Version, http-Statuscode, L\u00e4nge der \u00fcber\u00adtra\u00adge\u00adnen&nbsp;Daten)<\/span><\/li>\n<\/ul>\n<p>&nbsp;<\/p>\n<p><strong><span style=\"font-size: 14pt; color: #000000;\">Verwendung von Cookies<\/span><\/strong><\/p>\n<p><span style=\"color: #000000;\">Die Solid-Parkiet s.c. ver\u00adwen\u00addet Cookies um das Web Angebot attrak\u00adtiv und nut\u00adzer\u00adfreund\u00adlich zu gestal\u00adten. Cookies sind klei\u00adne Textdateien, wel\u00adche auf Ihrem Rechner abge\u00adlegt wer\u00adden. Diese ent\u00adhal\u00adten jedoch kei\u00adner\u00adlei Viren und rich\u00adten kei\u00adnen Schaden an. Unsere Website ver\u00adwen\u00addet zum einen \u201eSession Cookies\u201c, wel\u00adche den Nutzer w\u00e4h\u00adrend sei\u00adner Sitzung ver\u00adfol\u00adgen. Nach einem Neustart des Browsers star\u00adtet eine neue Nutzer-Sitzung mit neu\u00ader Cookie ID. Zum ande\u00adren wer\u00adden soge\u00adnann\u00adte \u201eGlobal Cookies\u201c genutzt, wel\u00adche den Traffic der Website mes\u00adsen und die Besucher und die Sitzung hin\u00adweg iden\u00adti\u00adfi\u00adzie\u00adren. Der Cookie wird also nicht mit der Sitzung gel\u00f6scht, son\u00addern wird erst nach einem Jahr ersetzt.<\/span><\/p>\n<p><span style=\"color: #000000;\">Sie k\u00f6n\u00adnen durch ent\u00adspre\u00adchen\u00adde Browser-Einstellungen das Speichern von Cookies unter\u00adbin\u00adden. Aus Gr\u00fcnden der Funktionsbeeintr\u00e4chtigung unse\u00adrer Website emp\u00adfeh\u00adlen wir dies aller\u00addings&nbsp;nicht.<\/span><\/p>\n<p>&nbsp;<\/p>\n<p><span style=\"color: #000000;\">F\u00fcr wei\u00adte\u00adre Allgemeine Informationen zu Cookies besu\u00adchen Sie die bit\u00adte die fol\u00adgen\u00adde Webseite eines Drittanbieters:&nbsp;<span style=\"text-decoration: underline;\"><strong><a style=\"color: #000000; text-decoration: underline;\" href=\"http:\/\/www.aboutcookies.org\/\" rel=\"nofollow\">www.aboutcookies.org<\/a><\/strong><\/span><\/span><\/p>\n<p>&nbsp;<\/p>\n<p><strong><span style=\"color: #000000; font-size: 14pt;\">Social Media<\/span><\/strong><\/p>\n<p><span style=\"color: #000000;\">Neben unse\u00adrer Website ist die Solid-Parkiet s.c. in unter\u00adschied\u00adli\u00adchen sozia\u00adlen Medien pr\u00e4\u00adsent. Bitte ent\u00adneh\u00admen Sie Zweck und Umfang der Datenerhebung sowie die Bestimmungen zur Nutzung Ihrer Daten durch die jewei\u00adli\u00adge Plattform den Datenschutzbestimmungen des jewei\u00adli\u00adgen Betreibers.<\/span><\/p>\n<p>&nbsp;<\/p>\n<p>&nbsp;<\/p>\n<p><span style=\"font-size: 18pt; color: #000000;\"><strong>Kontaktaufnahme<\/strong><\/span><\/p>\n<p>&nbsp;<\/p>\n<p><span style=\"color: #000000;\"><span style=\"font-size: 14pt;\"><strong>E\u2011Mail und Formulare<\/strong><\/span><strong>&nbsp;<\/strong><\/span><\/p>\n<p><span style=\"color: #000000;\">Sobald Sie \u00fcber unse\u00adre Webseite ein Formular aus\u00adf\u00fcl\u00adlen oder uns per Email kon\u00adtak\u00adtie\u00adren wer\u00adden Ihre Daten an uns gesandt. Diese von Ihnen \u00fcber\u00adtra\u00adge\u00adnen Daten wer\u00adden nur in Verbindung mir Ihrer Anfrage genutzt und stets ver\u00adtrau\u00adlich behandelt.<\/span><\/p>\n<p>&nbsp;<\/p>\n<p><span style=\"font-size: 14pt; color: #000000;\"><strong>Links zu Webseiten ande\u00adrer Anbieter<\/strong><\/span><\/p>\n<p><span style=\"color: #000000;\">Die Webseite von Solid-Parkiet s.c. kann Links zu exter\u00adnen Webseiten ent\u00adhal\u00adten. Zum Zeitpunkt der Linksetzung hat man sich davon \u00fcber\u00adzeug, dass die ver\u00adkn\u00fcpf\u00adten Seiten kei\u00adner\u00adlei ille\u00adga\u00adlen oder Schadhaften Inhalt ent\u00adhal\u00adten. Solid-Parkiet s.c. kann kei\u00adne durch\u00adge\u00adhen\u00adde Kontrolle gew\u00e4hr\u00adleis\u00adten und hat auch kei\u00adner\u00adlei Einfluss auf Inhalt oder even\u00adtu\u00adel\u00adle Weiterverkn\u00fcpfungen. Aus die\u00adsem Grund wird kei\u00adne Haftung f\u00fcr die Inhalte nach der Linksetzung \u00fcbernommen.<\/span><\/p>\n<p>&nbsp;<\/p>\n<p><strong><span style=\"font-size: 14pt; color: #000000;\">Copyright<\/span><\/strong><\/p>\n<p><span style=\"color: #000000;\">Alle Materialien auf die\u00adser Website sind urhe\u00adber\u00adrecht\u00adlich gesch\u00fctzt von Solid-Parkiet s.c.. Die Vervielf\u00e4ltigung, Weiterverbreitung oder Ver\u00f6ffentlichung aller Dokumente oder Bilder oder eines Teiles die\u00adser ist strengs\u00adtens unter\u00adsagt. Wir behal\u00adten uns alle wei\u00adte\u00adren Rechte vor.<\/span><\/p>\n<h4><\/h4>\n<p>&nbsp;<\/p>\n<p><strong><span style=\"font-size: 14pt; color: #000000;\">Vorbehalt<\/span><\/strong><\/p>\n<p><span style=\"color: #000000;\">Die Datenschutzerkl\u00e4rung von Solid-Parkiet s.c. kann jeder\u00adzeit aus\u00adge\u00addruckt oder gespei\u00adchert wer\u00adden. Wir behal\u00adten uns jedoch vor die Datenschutzerkl\u00e4rung jeder\u00adzeit unter Beachtung der neu\u00ades\u00adten daten\u00adschutz\u00adrecht\u00adli\u00adchen Vorgaben anzu\u00adpas\u00adsen, um so der ste\u00adti\u00adgen Weiterentwicklung der Webseite gerecht zu werden.<\/span><\/p>\n<p>[\/vc_column_text][\/vc_column][\/vc_row]<\/p>\n","protected":false},"excerpt":{"rendered":"<p>[vc_row css_animation=\u201c\u201c row_type=\u201erow\u201c use_row_as_full_screen_section=\u201eno\u201c type=\u201efull_width\u201c angled_section=\u201eno\u201c text_align=\u201eleft\u201c background_image_as_pattern=\u201ewithout_pattern\u201c css=\u201c.vc_custom_1513326961631{padding-top: 30px !important;padding-right: 30px !important;padding-bottom: 30px !important;padding-left: 30px !important;background-color: #ffffff !important;}\u201c][vc_column][vc_column_text] Datenschutzerkl\u00e4rung &nbsp; F\u00fcr die Bearbeitung von Anfragen oder Mitteilungen bit\u00adten wir Sie um die Angabe per\u00ads\u00f6n\u00adli\u00adcher Daten.&nbsp;Der Schutz Ihrer per\u00ads\u00f6n\u00adli\u00adchen Daten ist uns ein hohes Anliegen.\u2026<\/p>\n","protected":false},"author":1,"featured_media":0,"parent":0,"menu_order":0,"comment_status":"closed","ping_status":"closed","template":"","meta":{"wp_typography_post_enhancements_disabled":false},"_links":{"self":[{"href":"https:\/\/www.solidparkiet.pl\/de\/wp-json\/wp\/v2\/pages\/129"}],"collection":[{"href":"https:\/\/www.solidparkiet.pl\/de\/wp-json\/wp\/v2\/pages"}],"about":[{"href":"https:\/\/www.solidparkiet.pl\/de\/wp-json\/wp\/v2\/types\/page"}],"author":[{"embeddable":true,"href":"https:\/\/www.solidparkiet.pl\/de\/wp-json\/wp\/v2\/users\/1"}],"replies":[{"embeddable":true,"href":"https:\/\/www.solidparkiet.pl\/de\/wp-json\/wp\/v2\/comments?post=129"}],"version-history":[{"count":38,"href":"https:\/\/www.solidparkiet.pl\/de\/wp-json\/wp\/v2\/pages\/129\/revisions"}],"predecessor-version":[{"id":2997,"href":"https:\/\/www.solidparkiet.pl\/de\/wp-json\/wp\/v2\/pages\/129\/revisions\/2997"}],"wp:attachment":[{"href":"https:\/\/www.solidparkiet.pl\/de\/wp-json\/wp\/v2\/media?parent=129"}],"curies":[{"name":"wp","href":"https:\/\/api.w.org\/{rel}","templated":true}]}}