{"id":143,"date":"2017-11-08T10:17:02","date_gmt":"2017-11-08T09:17:02","guid":{"rendered":"http:\/\/solidparkiet.pl\/sp17\/?page_id=143"},"modified":"2018-03-29T18:40:40","modified_gmt":"2018-03-29T16:40:40","slug":"beschaffungspolitik","status":"publish","type":"page","link":"https:\/\/www.solidparkiet.pl\/de\/beschaffungspolitik\/","title":{"rendered":"Beschaffungspolitik"},"content":{"rendered":"<p>[vc_row css_animation=\u201c\u201c row_type=\u201erow\u201c use_row_as_full_screen_section=\u201eno\u201c type=\u201efull_width\u201c angled_section=\u201eno\u201c text_align=\u201eleft\u201c background_image_as_pattern=\u201ewithout_pattern\u201c css=\u201c.vc_custom_1513328404539{padding-top: 30px !important;padding-right: 30px !important;padding-bottom: 30px !important;padding-left: 30px !important;background-color: #ffffff !important;}\u201c][vc_column css=\u201c.vc_custom_1513328432455{background-color: #ffffff !important;}\u201c][vc_column_text]<span style=\"font-size: 18pt; color: #000000;\"><strong>Verantwortungsvolle Beschaffungspolitik<\/strong><\/span><\/p>\n<p>&nbsp;<\/p>\n<p><span style=\"font-size: 14pt; color: #000000;\"><strong>1.1&nbsp;&nbsp;&nbsp;&nbsp;&nbsp;&nbsp; Verpflichtung der Gesch\u00e4ftsf\u00fchrung<\/strong><\/span><\/p>\n<p><span style=\"color: #000000;\">Solid-Parkiet s.c. ver\u00adpflich\u00adtet sich, Produkte und Dienstleistungen zu beschaf\u00adfen, die sicher\u00adstel\u00adlen, dass die Materialien aus lega\u00adlen und ord\u00adnungs\u00adge\u00adm\u00e4\u00df bewirt\u00adschaf\u00adte\u00adten W\u00e4ldern stam\u00admen, die nach glaub\u00adw\u00fcr\u00addi\u00adgen Zertifizierungsstandards zer\u00adti\u00adfi\u00adziert sind und\/oder aus recy\u00adcel\u00adten Materialien (post con\u00adsu\u00admer) stam\u00admen. Als Eckpfeiler die\u00adses Engagements wer\u00adden wir ein \u201eResponsible Sourcing Programm\u201c ver\u00adfol\u00adgen, um die Nutzung und Vermarktung von lega\u00adlen und umwelt\u00adver\u00adtr\u00e4g\u00adli\u00adchen Forstprodukten zu f\u00f6rdern.<\/span><\/p>\n<p>&nbsp;<\/p>\n<p><span style=\"font-size: 14pt; color: #000000;\"><strong>1.2&nbsp;&nbsp;&nbsp;&nbsp;&nbsp;&nbsp; St\u00e4ndige Verbesserung<\/strong><\/span><\/p>\n<p><span style=\"color: #000000;\">Wir ver\u00adpflich\u00adten uns hier\u00admit, das Nachhaltigkeitsniveau unse\u00adrer Beschaffung kon\u00adti\u00adnu\u00adier\u00adlich zu ver\u00adbes\u00adsern, indem wir stren\u00adge\u00adre und glaub\u00adw\u00fcr\u00addi\u00adge\u00adre Zertifizierungs- und Verifizierungsstandards und Beschaffungsanforderungen bevor\u00adzu\u00adgen und die Beschaffung aus unbe\u00adkann\u00adten oder nicht nach\u00adhal\u00adti\u00adgen Quellen vermeiden.<\/span><\/p>\n<p>&nbsp;<\/p>\n<p><span style=\"color: #000000;\"><strong><span style=\"font-size: 14pt;\">1.3&nbsp;&nbsp;&nbsp;&nbsp;&nbsp;&nbsp; Zertifizierung<\/span><\/strong><\/span><\/p>\n<p><span style=\"color: #000000;\">Wo immer m\u00f6g\u00adlich, ver\u00adpflich\u00adten wir uns, Holzprodukte zu beschaf\u00adfen, die nach einem inter\u00adna\u00adtio\u00adnal aner\u00adkann\u00adten Standard f\u00fcr ord\u00adnungs\u00adge\u00adm\u00e4\u00ad\u00dfe Waldbewirtschaftung zer\u00adti\u00adfi\u00adziert sind, um sicher\u00adzu\u00adstel\u00adlen, dass das Material aus einem ord\u00adnungs\u00adge\u00adm\u00e4\u00df bewirt\u00adschaf\u00adte\u00adten Wald stammt.<\/span><\/p>\n<p>&nbsp;<\/p>\n<p><span style=\"font-size: 14pt; color: #000000;\"><strong>1.4&nbsp;&nbsp;&nbsp;&nbsp;&nbsp;&nbsp; Legalit\u00e4t<\/strong><\/span><\/p>\n<p><span style=\"color: #000000;\">Wir ver\u00adpflich\u00adten uns, nur Material zu beschaf\u00adfen, das gem\u00e4\u00df den gel\u00adten\u00adden Gesetzen pro\u00addu\u00adziert, ver\u00adar\u00adbei\u00adtet und gehan\u00addelt&nbsp;wird.<\/span><\/p>\n<p>&nbsp;<\/p>\n<p><span style=\"font-size: 14pt; color: #000000;\"><strong>1.5&nbsp;&nbsp;&nbsp;&nbsp;&nbsp;&nbsp; Soziale Verantwortung<\/strong><\/span><\/p>\n<p><span style=\"color: #000000;\">Wir ver\u00adpflich\u00adten uns, min\u00addes\u00adtens die fol\u00adgen\u00adden umstrit\u00adte\u00adnen Gesch\u00e4ftspraktiken zu vermeiden:<\/span><\/p>\n<p>&nbsp;<\/p>\n<ul>\n<li><span style=\"color: #000000;\">Jede Form von Zwangsarbeit, ein\u00adschlie\u00df\u00adlich Schuldknechtschaft, Zwangsarbeit, Sklaverei, Leibeigenschaft oder Menschenhandel.<\/span><\/li>\n<li><span style=\"color: #000000;\">Der Einsatz von Kinderarbeit. Das Mindestalter f\u00fcr die Besch\u00e4ftigung darf nicht unter dem Alter des Abschlusses der Pflichtschule lie\u00adgen und darf auf kei\u00adnen Fall unter 15 Jahren liegen.<\/span><\/li>\n<li><span style=\"color: #000000;\">Diskriminierung auf\u00adgrund von Rasse, Hautfarbe, Geschlecht, Sprache, Religion, poli\u00adti\u00adscher oder sons\u00adti\u00adger Anschauung, Kaste, natio\u00adna\u00adler oder sozia\u00adler Herkunft, Eigentum, Geburt, Gewerkschaftszugeh\u00f6rigkeit, sexu\u00adel\u00adler Orientierung, Gesundheitszustand, fami\u00adli\u00e4\u00adren Verpflichtungen, Alter, Behinderung oder ande\u00adren Unterscheidungsmerkmalen.<\/span><\/li>\n<li><span style=\"color: #000000;\">Die Organisation bie\u00adtet ihren Arbeitnehmern ein siche\u00adres und gesun\u00addes Arbeitsumfeld, ein\u00adschlie\u00df\u00adlich, aber nicht beschr\u00e4nkt auf den Schutz vor Feuer, L\u00e4rm, Unf\u00e4llen und toxi\u00adschen Substanzen. Es wer\u00adden ange\u00admes\u00adse\u00adne Gesundheits- und Sicherheitsrichtlinien und \u2011ver\u00adfah\u00adren fest\u00adge\u00adlegt und befolgt.<\/span><\/li>\n<\/ul>\n<p>&nbsp;<\/p>\n<p><span style=\"color: #000000;\">Wenn uns bekannt wird, dass eines die\u00adser Themen unse\u00adre Gesellschaft oder einen unse\u00adrer Lieferanten betrifft, ver\u00adpflich\u00adten wir uns, ent\u00adspre\u00adchen\u00adde Ma\u00dfnahmen zu ergrei\u00adfen, die sol\u00adche Situationen ver\u00adbes\u00adsern bzw. den Mi\u00dfstand abschaffen.<\/span><\/p>\n<p>&nbsp;<\/p>\n<p><span style=\"font-size: 14pt; color: #000000;\"><strong>1.6&nbsp;&nbsp;&nbsp;&nbsp;&nbsp;&nbsp; Verantwortung f\u00fcr die Umwelt<\/strong><\/span><\/p>\n<p><span style=\"font-size: 12pt; color: #000000;\">Wir beken\u00adnen uns zu einem ver\u00adant\u00adwor\u00adtungs\u00advol\u00adlen Umgang mit der Umwelt und ihren nat\u00fcr\u00adli\u00adchen Ressourcen. Wir ver\u00adpflich\u00adten uns, die Auswirkungen unse\u00adrer eige\u00adnen Aktivit\u00e4ten und\/oder der Aktivit\u00e4ten unse\u00adrer Lieferanten sowie wei\u00adte\u00adrer Vorlieferanten auf die Umwelt zu verringern.<\/span><\/p>\n<p>&nbsp;<\/p>\n<p><span style=\"font-size: 14pt; color: #000000;\"><strong>1.7&nbsp;&nbsp;&nbsp;&nbsp;&nbsp;&nbsp; Management der Lieferkette und Informationsbereitstellung<\/strong><\/span><\/p>\n<p><span style=\"color: #000000;\">Wir wer\u00adden sicher\u00adstel\u00adlen, dass Informationen \u00fcber Lieferanten und Materialquellen\/-her\u00adk\u00fcnf\u00adte gesam\u00admelt und aus\u00adge\u00adwer\u00adtet wer\u00adden, um eine effek\u00adti\u00adve Risikobewertung zu erm\u00f6glichen.<\/span><\/p>\n<p>&nbsp;<\/p>\n<p><span style=\"font-size: 14pt; color: #000000;\"><strong>1.8&nbsp;&nbsp;&nbsp;&nbsp;&nbsp;&nbsp; Risiko-Bewertung und \u2011Minderung<\/strong><\/span><\/p>\n<p><span style=\"color: #000000;\">Wir f\u00fch\u00adren eine Risikobewertung aller Lieferanten und Holzlieferungen durch, um so das Risiko, dass das Material oder die Produkte, die bezo\u00adgen wur\u00adden, aus einer ille\u00adga\u00adlen Quelle stammt oder ille\u00adgal gehan\u00addelt wur\u00adden, ein\u00adsch\u00e4t\u00adzen zu k\u00f6n\u00adnen. Falls Risiken iden\u00adti\u00adfi\u00adziert wer\u00adden und die\u00adse nicht als \u201ever\u00adnach\u00adl\u00e4s\u00adsig\u00adbar\u201c ein\u00adge\u00adstuft wer\u00adden k\u00f6n\u00adnen, wer\u00adden wir geeig\u00adne\u00adte Ma\u00dfnahmen zur Risikominderung ergrei\u00adfen, um die\u00adse Risiken zu vermeiden.<\/span><\/p>\n<p>&nbsp;<\/p>\n<p><span style=\"font-size: 14pt; color: #000000;\"><strong>1.9&nbsp;&nbsp;&nbsp;&nbsp;&nbsp;&nbsp; \u00dcberwachung und Verifizierung<\/strong><\/span><\/p>\n<p><span style=\"color: #000000;\">Die Gesellschaft wird die inter\u00adnen Systeme und Verfahren \u00fcber\u00adwa\u00adchen. Ein Informationszugang wird auch bei exter\u00adnen Audits gew\u00e4hrt, um die Pr\u00fcfung zu erm\u00f6g\u00adli\u00adchen, ob die ent\u00adspre\u00adchen\u00adden Systeme vor\u00adhan\u00adden und gem\u00e4\u00df den Anforderungen imple\u00admen\u00adtiert wurden.<\/span><\/p>\n<p>&nbsp;<\/p>\n<p><span style=\"font-size: 14pt; color: #000000;\"><strong>1.10&nbsp;&nbsp;&nbsp; \u00dcberpr\u00fcfung und Anpassung der Grunds\u00e4tze<\/strong><\/span><\/p>\n<p><span style=\"color: #000000;\">Wir wer\u00adden daf\u00fcr sor\u00adgen, dass die\u00adse Grunds\u00e4tze und die damit zusam\u00admen\u00adh\u00e4n\u00adgen\u00adden Dokumente regel\u00adm\u00e4\u00ad\u00dfig \u00fcber\u00adpr\u00fcft und falls not\u00adwen\u00addig ent\u00adspre\u00adchend \u00fcber\u00adar\u00adbei\u00adtet werden.<\/span><\/p>\n<p>&nbsp;<\/p>\n<p><span style=\"font-size: 14pt; color: #000000;\"><strong>1.11&nbsp;&nbsp;&nbsp; Kommunikation und Stakeholder<\/strong><\/span><\/p>\n<p><span style=\"font-size: 12pt; color: #000000;\">Diese Richtlinie ist \u00f6ffent\u00adlich zug\u00e4ng\u00adlich und wird Lieferanten sowie wei\u00adte\u00adren inter\u00ades\u00adsier\u00adten Parteien zur Verf\u00fcgung gestellt.<\/span>[\/vc_column_text][\/vc_column][\/vc_row]<\/p>\n","protected":false},"excerpt":{"rendered":"<p>[vc_row css_animation=\u201c\u201c row_type=\u201erow\u201c use_row_as_full_screen_section=\u201eno\u201c type=\u201efull_width\u201c angled_section=\u201eno\u201c text_align=\u201eleft\u201c background_image_as_pattern=\u201ewithout_pattern\u201c css=\u201c.vc_custom_1513328404539{padding-top: 30px !important;padding-right: 30px !important;padding-bottom: 30px !important;padding-left: 30px !important;background-color: #ffffff !important;}\u201c][vc_column css=\u201c.vc_custom_1513328432455{background-color: #ffffff !important;}\u201c][vc_column_text]Verantwortungsvolle Beschaffungspolitik &nbsp; 1.1&nbsp;&nbsp;&nbsp;&nbsp;&nbsp;&nbsp; Verpflichtung der Gesch\u00e4ftsf\u00fchrung Solid-Parkiet s.c. ver\u00adpflich\u00adtet sich, Produkte und Dienstleistungen zu beschaf\u00adfen, die sicher\u00adstel\u00adlen, dass die Materialien aus lega\u00adlen&nbsp;und\u2026<\/p>\n","protected":false},"author":1,"featured_media":0,"parent":0,"menu_order":0,"comment_status":"closed","ping_status":"closed","template":"","meta":{"wp_typography_post_enhancements_disabled":false},"_links":{"self":[{"href":"https:\/\/www.solidparkiet.pl\/de\/wp-json\/wp\/v2\/pages\/143"}],"collection":[{"href":"https:\/\/www.solidparkiet.pl\/de\/wp-json\/wp\/v2\/pages"}],"about":[{"href":"https:\/\/www.solidparkiet.pl\/de\/wp-json\/wp\/v2\/types\/page"}],"author":[{"embeddable":true,"href":"https:\/\/www.solidparkiet.pl\/de\/wp-json\/wp\/v2\/users\/1"}],"replies":[{"embeddable":true,"href":"https:\/\/www.solidparkiet.pl\/de\/wp-json\/wp\/v2\/comments?post=143"}],"version-history":[{"count":4,"href":"https:\/\/www.solidparkiet.pl\/de\/wp-json\/wp\/v2\/pages\/143\/revisions"}],"predecessor-version":[{"id":380,"href":"https:\/\/www.solidparkiet.pl\/de\/wp-json\/wp\/v2\/pages\/143\/revisions\/380"}],"wp:attachment":[{"href":"https:\/\/www.solidparkiet.pl\/de\/wp-json\/wp\/v2\/media?parent=143"}],"curies":[{"name":"wp","href":"https:\/\/api.w.org\/{rel}","templated":true}]}}